{"id":6136,"date":"2023-12-06T12:42:47","date_gmt":"2023-12-06T17:42:47","guid":{"rendered":"https:\/\/www.pigeonbrands.com\/?page_id=6136"},"modified":"2025-07-15T16:46:39","modified_gmt":"2025-07-15T20:46:39","slug":"politique-de-confidentialite","status":"publish","type":"page","link":"https:\/\/www.pigeonbrands.com\/fr\/politique-de-confidentialite\/","title":{"rendered":"Politique de confidentialit\u00e9"},"content":{"rendered":"<h6>Politique de confidentialit\u00e9 de Pigeon Brands<\/h6>\n<p>Chez Pigeon Brands, accessibles depuis pigeonbrands.com, l\u2019une de nos principales priorit\u00e9s est la protection des renseignements personnels de nos visiteurs. Ce document de Politique de confidentialit\u00e9 contient les types d\u2019informations recueillies et enregistr\u00e9es par Pigeon Brands et la fa\u00e7on dont nous les utilisons.<\/p>\n<p>Si vous avez d\u2019autres questions ou si vous avez besoin de plus d\u2019informations sur notre politique de confidentialit\u00e9, n\u2019h\u00e9sitez pas \u00e0 nous contacter.<\/p>\n<p>La pr\u00e9sente Politique de confidentialit\u00e9 s\u2019applique uniquement \u00e0 nos activit\u00e9s en ligne et est valable pour les visiteurs de notre site web en ce qui concerne les informations qu\u2019ils ont partag\u00e9es et\/ou collect\u00e9es sur le site de Pigeon Brands. Cette politique ne s\u2019applique pas aux informations collect\u00e9es hors ligne ou via des canaux autres que ce site web.<\/p>\n<h6>Consentement<\/h6>\n<p>En utilisant notre site web, vous consentez par la pr\u00e9sente \u00e0 notre politique de confidentialit\u00e9 et acceptez ses conditions.<\/p>\n<h6>Informations que nous recueillons<\/h6>\n<p>Les renseignements personnels qu\u2019on vous demande de fournir, et les raisons pour lesquelles on vous demande de les fournir, vous seront clairement indiqu\u00e9s au moment o\u00f9 nous vous demandons de fournir vos renseignements personnels.<\/p>\n<p>Si vous nous contactez directement, nous pouvons recevoir des informations suppl\u00e9mentaires vous concernant telles que votre nom, votre adresse courriel, votre num\u00e9ro de t\u00e9l\u00e9phone, le contenu du message et\/ou des pi\u00e8ces jointes que vous pouvez nous envoyer, et toute autre information que vous choisiriez de fournir.<\/p>\n<p>Lorsque vous cr\u00e9ez un compte, nous pouvons vous demander vos coordonn\u00e9es, dont des \u00e9l\u00e9ments tels que le nom, le nom de l\u2019entreprise, l\u2019adresse, l\u2019adresse courriel et le num\u00e9ro de t\u00e9l\u00e9phone.<\/p>\n<h6>Comment nous utilisons vos informations<\/h6>\n<p>Nous utilisons les informations que nous recueillons de diff\u00e9rentes mani\u00e8res, notamment pour :<\/p>\n<ul>\n<li>Fournir, exploiter et maintenir notre site web<\/li>\n<li>Am\u00e9liorer, personnaliser et d\u00e9velopper notre site web<\/li>\n<li>Comprendre et analyser la fa\u00e7on dont vous utilisez notre site web<\/li>\n<li>D\u00e9velopper de nouveaux produits, services, particularit\u00e9s et fonctionnalit\u00e9s<\/li>\n<li>Communiquer avec vous, directement ou par l\u2019interm\u00e9diaire de l\u2019un de nos partenaires, y compris pour le service \u00e0 la client\u00e8le, pour vous fournir des mises \u00e0 jour et d\u2019autres informations relatives au site web, et \u00e0 des fins de marketing et de promotion<\/li>\n<li>Vous envoyer des courriels<\/li>\n<li>D\u00e9tecter et pr\u00e9venir la fraude<\/li>\n<\/ul>\n<h6>Fichiers journaux<\/h6>\n<p>Pigeon Brands suit une proc\u00e9dure standard d\u2019utilisation de fichiers journaux. Ces fichiers enregistrent les visiteurs lorsqu\u2019ils visitent des sites web. Tous les h\u00e9bergeurs le font dans le cadre de l&rsquo;analyse des services d&rsquo;h\u00e9bergement. Les informations collect\u00e9es par les fichiers journaux comprennent les adresses IP, le type de navigateur, le fournisseur de services Internet (ISP), l\u2019horodatage, la page d\u2019o\u00f9 vous venez, celle par laquelle vous sortez et potentiellement le nombre de clics. Ceux-ci ne sont pas li\u00e9s \u00e0 des informations qui sont personnellement identifiables. Le but de l\u2019information est d\u2019analyser les tendances, d\u2019administrer le site, de suivre les mouvements des utilisateurs sur le site web et de recueillir des informations d\u00e9mographiques.<\/p>\n<h6>Politiques de confidentialit\u00e9 des partenaires publicitaires<\/h6>\n<p>Vous pouvez consulter cette liste pour trouver la Politique de confidentialit\u00e9 de chacun des partenaires publicitaires de Pigeon Brands.<\/p>\n<p>Des serveurs publicitaires ou des r\u00e9seaux publicitaires tiers utilisent des technologies telles que les cookies, JavaScript ou les balises web qui sont utilis\u00e9s dans leurs publicit\u00e9s et liens respectifs qui apparaissent sur Pigeon Brands, qui sont envoy\u00e9s directement au navigateur des utilisateurs. Ils re\u00e7oivent automatiquement votre adresse IP lorsque cela se produit. Ces technologies sont utilis\u00e9es pour mesurer l\u2019efficacit\u00e9 de leurs campagnes publicitaires et\/ou pour personnaliser le contenu publicitaire que vous voyez sur les sites web que vous visitez.<\/p>\n<p>Notez que Pigeon Brands ne dispose d&rsquo;aucun acc\u00e8s ou contr\u00f4le sur ces cookies utilis\u00e9s par des annonceurs tiers.<\/p>\n<h6>Politiques de confidentialit\u00e9 de tiers<\/h6>\n<p>La Politique de confidentialit\u00e9 de Pigeon Brands ne s\u2019applique pas \u00e0 d\u2019autres annonceurs ou sites web. Ainsi, nous vous recommandons de consulter les politiques de confidentialit\u00e9 respectives de ces serveurs publicitaires tiers pour plus d\u2019informations. Celles-ci peuvent inclure leurs pratiques et des instructions sur la fa\u00e7on de refuser certaines options.<\/p>\n<p>Vous pouvez choisir de d\u00e9sactiver les cookies via les options de votre navigateur individuel. Pour obtenir des informations plus d\u00e9taill\u00e9es sur la gestion des cookies avec des navigateurs Web sp\u00e9cifiques, consultez les sites web respectifs des navigateurs.<\/p>\n<h6>Loi californienne sur la protection de la vie priv\u00e9e des consommateurs (CCPA)<\/h6>\n<p>En vertu de la CCPA, entre autres droits, les consommateurs californiens ont le droit de :<\/p>\n<p>Demander qu\u2019une entreprise qui collecte les donn\u00e9es personnelles d\u2019un consommateur divulgue les cat\u00e9gories et les \u00e9l\u00e9ments sp\u00e9cifiques de donn\u00e9es personnelles qu\u2019elle a collect\u00e9es sur les consommateurs.<\/p>\n<p>Demander \u00e0 une entreprise de supprimer toutes les donn\u00e9es personnelles sur le consommateur qu\u2019elle a collect\u00e9es.<\/p>\n<p>Demander qu\u2019une entreprise qui vend les donn\u00e9es personnelles d\u2019un consommateur ne vende pas les donn\u00e9es personnelles du consommateur.<\/p>\n<p>Si vous faites une demande, nous avons un mois pour vous r\u00e9pondre. Si vous souhaitez exercer l\u2019un de ces droits, veuillez nous contacter.<\/p>\n<h6>Droits de protection des donn\u00e9es du R\u00e8glement g\u00e9n\u00e9ral sur la protection des donn\u00e9es<\/h6>\n<p>Nous aimerions nous assurer que vous \u00eates pleinement conscient de tous vos droits en mati\u00e8re de protection des donn\u00e9es. Chaque utilisateur a droit \u00e0 ce qui suit :<\/p>\n<p>Le droit d\u2019acc\u00e8s &#8211; Vous avez le droit de demander des copies de vos donn\u00e9es personnelles. Nous pouvons vous facturer des frais minimes pour ce service.<\/p>\n<p>Le droit de rectification &#8211; Vous avez le droit de demander que nous corrigions toute information que vous pensez \u00eatre inexacte. Vous avez \u00e9galement le droit de demander que nous compl\u00e9tions les informations que vous pensez incompl\u00e8tes.<\/p>\n<p>Le droit \u00e0 l\u2019effacement &#8211; Vous avez le droit de demander que nous effacions vos donn\u00e9es personnelles, sous certaines conditions.<\/p>\n<p>Le droit de restreindre le traitement &#8211; Vous avez le droit de demander que nous limitions le traitement de vos donn\u00e9es personnelles, sous certaines conditions.<\/p>\n<p>Le droit d\u2019opposition &#8211; Vous avez le droit de vous opposer \u00e0 notre traitement de vos donn\u00e9es personnelles, sous certaines conditions.<\/p>\n<p>Le droit \u00e0 la portabilit\u00e9 des donn\u00e9es &#8211; Vous avez le droit de demander que nous transf\u00e9rions les donn\u00e9es que nous avons collect\u00e9es \u00e0 une autre organisation, ou directement \u00e0 vous, sous certaines conditions.<\/p>\n<p>Si vous faites une demande, nous avons un mois pour vous r\u00e9pondre. Si vous souhaitez exercer l\u2019un de ces droits, veuillez nous contacter.<\/p>\n<h6>Renseignements sur les enfants<\/h6>\n<p>Une autre partie de notre priorit\u00e9 est d\u2019ajouter une protection pour les enfants lors de l\u2019utilisation d\u2019Internet. Nous encourageons les parents et les tuteurs \u00e0 observer, \u00e0 participer et\/ou \u00e0 surveiller et guider leur activit\u00e9 en ligne.<\/p>\n<p>Pigeon Brands ne recueille sciemment aucune information personnelle identifiable aupr\u00e8s d\u2019enfants de moins de 13 ans. Si vous pensez que votre enfant a fourni ce type d\u2019informations sur notre site web, nous vous encourageons fortement \u00e0 nous contacter imm\u00e9diatement et nous ferons de notre mieux pour supprimer rapidement ces informations de nos dossiers.<\/p>\n<h6>Modifications apport\u00e9es \u00e0 cette Politique de confidentialit\u00e9<\/h6>\n<p>Nous pouvons mettre \u00e0 jour notre Politique de confidentialit\u00e9 de temps \u00e0 autre. Ainsi, nous vous conseillons de consulter cette page p\u00e9riodiquement pour tout changement. Nous vous informerons de tout changement en publiant la nouvelle politique de confidentialit\u00e9 sur cette page. Ces modifications entrent en vigueur imm\u00e9diatement, apr\u00e8s avoir \u00e9t\u00e9 publi\u00e9es sur cette page.<\/p>\n<p>Notre Politique de confidentialit\u00e9 a \u00e9t\u00e9 cr\u00e9\u00e9e avec l\u2019aide du g\u00e9n\u00e9rateur de politique de confidentialit\u00e9.<\/p>\n<h6>Contactez-nous<\/h6>\n<p>Si vous avez des questions ou des suggestions concernant notre politique de confidentialit\u00e9, n\u2019h\u00e9sitez pas \u00e0 nous contacter &#8211; <a href=\"privacy-confidentialite@pigeonbrands.com\">privacy-confidentialite@pigeonbrands.com<\/a><\/p>\n","protected":false},"excerpt":{"rendered":"<p>Politique de confidentialit\u00e9 de Pigeon Brands Chez Pigeon Brands, accessibles depuis pigeonbrands.com, l\u2019une de nos principales priorit\u00e9s est la protection &hellip;<\/p>\n","protected":false},"author":11,"featured_media":0,"parent":0,"menu_order":900,"comment_status":"closed","ping_status":"open","template":"","meta":{"_acf_changed":false,"om_disable_all_campaigns":false,"_monsterinsights_skip_tracking":false,"_monsterinsights_sitenote_active":false,"_monsterinsights_sitenote_note":"","_monsterinsights_sitenote_category":0,"_uf_show_specific_survey":0,"_uf_disable_surveys":false,"footnotes":""},"class_list":["post-6136","page","type-page","status-publish","hentry"],"acf":[],"aioseo_notices":[],"yoast_head":"<!-- This site is optimized with the Yoast SEO plugin v26.1 - https:\/\/yoast.com\/wordpress\/plugins\/seo\/ -->\n<title>Politique de confidentialit\u00e9 - Pigeon<\/title>\n<meta name=\"robots\" content=\"index, follow, max-snippet:-1, max-image-preview:large, max-video-preview:-1\" \/>\n<link rel=\"canonical\" href=\"https:\/\/www.pigeonbrands.com\/fr\/politique-de-confidentialite\/\" \/>\n<meta property=\"og:locale\" content=\"fr_FR\" \/>\n<meta property=\"og:type\" content=\"article\" \/>\n<meta property=\"og:title\" content=\"Politique de confidentialit\u00e9 - Pigeon\" \/>\n<meta property=\"og:description\" content=\"Politique de confidentialit\u00e9 de Pigeon Brands Chez Pigeon Brands, accessibles depuis pigeonbrands.com, l\u2019une de nos principales priorit\u00e9s est la protection &hellip;\" \/>\n<meta property=\"og:url\" content=\"https:\/\/www.pigeonbrands.com\/fr\/politique-de-confidentialite\/\" \/>\n<meta property=\"og:site_name\" content=\"Pigeon\" \/>\n<meta property=\"article:publisher\" content=\"https:\/\/www.facebook.com\/pigeonbrands\/\" \/>\n<meta property=\"article:modified_time\" content=\"2025-07-15T20:46:39+00:00\" \/>\n<meta name=\"twitter:card\" content=\"summary_large_image\" \/>\n<meta name=\"twitter:site\" content=\"@pigeonbrand\" \/>\n<meta name=\"twitter:label1\" content=\"Dur\u00e9e de lecture estim\u00e9e\" \/>\n\t<meta name=\"twitter:data1\" content=\"6 minutes\" \/>\n<script type=\"application\/ld+json\" class=\"yoast-schema-graph\">{\"@context\":\"https:\/\/schema.org\",\"@graph\":[{\"@type\":\"WebPage\",\"@id\":\"https:\/\/www.pigeonbrands.com\/fr\/politique-de-confidentialite\/\",\"url\":\"https:\/\/www.pigeonbrands.com\/fr\/politique-de-confidentialite\/\",\"name\":\"Politique de confidentialit\u00e9 - Pigeon\",\"isPartOf\":{\"@id\":\"https:\/\/www.pigeonbrands.com\/fr\/#website\"},\"datePublished\":\"2023-12-06T17:42:47+00:00\",\"dateModified\":\"2025-07-15T20:46:39+00:00\",\"breadcrumb\":{\"@id\":\"https:\/\/www.pigeonbrands.com\/fr\/politique-de-confidentialite\/#breadcrumb\"},\"inLanguage\":\"fr-FR\",\"potentialAction\":[{\"@type\":\"ReadAction\",\"target\":[\"https:\/\/www.pigeonbrands.com\/fr\/politique-de-confidentialite\/\"]}]},{\"@type\":\"BreadcrumbList\",\"@id\":\"https:\/\/www.pigeonbrands.com\/fr\/politique-de-confidentialite\/#breadcrumb\",\"itemListElement\":[{\"@type\":\"ListItem\",\"position\":1,\"name\":\"Home\",\"item\":\"https:\/\/www.pigeonbrands.com\/fr\/\"},{\"@type\":\"ListItem\",\"position\":2,\"name\":\"Politique de confidentialit\u00e9\"}]},{\"@type\":\"WebSite\",\"@id\":\"https:\/\/www.pigeonbrands.com\/fr\/#website\",\"url\":\"https:\/\/www.pigeonbrands.com\/fr\/\",\"name\":\"Pigeon\",\"description\":\"Making brands come true\",\"publisher\":{\"@id\":\"https:\/\/www.pigeonbrands.com\/fr\/#organization\"},\"potentialAction\":[{\"@type\":\"SearchAction\",\"target\":{\"@type\":\"EntryPoint\",\"urlTemplate\":\"https:\/\/www.pigeonbrands.com\/fr\/?s={search_term_string}\"},\"query-input\":{\"@type\":\"PropertyValueSpecification\",\"valueRequired\":true,\"valueName\":\"search_term_string\"}}],\"inLanguage\":\"fr-FR\"},{\"@type\":\"Organization\",\"@id\":\"https:\/\/www.pigeonbrands.com\/fr\/#organization\",\"name\":\"Pigeon Bands\",\"url\":\"https:\/\/www.pigeonbrands.com\/fr\/\",\"logo\":{\"@type\":\"ImageObject\",\"inLanguage\":\"fr-FR\",\"@id\":\"https:\/\/www.pigeonbrands.com\/fr\/#\/schema\/logo\/image\/\",\"url\":\"https:\/\/www.pigeonbrands.com\/wp-content\/uploads\/2021\/05\/logo.svg\",\"contentUrl\":\"https:\/\/www.pigeonbrands.com\/wp-content\/uploads\/2021\/05\/logo.svg\",\"width\":101,\"height\":19,\"caption\":\"Pigeon Bands\"},\"image\":{\"@id\":\"https:\/\/www.pigeonbrands.com\/fr\/#\/schema\/logo\/image\/\"},\"sameAs\":[\"https:\/\/www.facebook.com\/pigeonbrands\/\",\"https:\/\/x.com\/pigeonbrand\",\"https:\/\/www.instagram.com\/pigeonbrands\/\",\"https:\/\/www.linkedin.com\/company\/pigeon-branding---design\/\"]}]}<\/script>\n<!-- \/ Yoast SEO plugin. -->","yoast_head_json":{"title":"Politique de confidentialit\u00e9 - Pigeon","robots":{"index":"index","follow":"follow","max-snippet":"max-snippet:-1","max-image-preview":"max-image-preview:large","max-video-preview":"max-video-preview:-1"},"canonical":"https:\/\/www.pigeonbrands.com\/fr\/politique-de-confidentialite\/","og_locale":"fr_FR","og_type":"article","og_title":"Politique de confidentialit\u00e9 - Pigeon","og_description":"Politique de confidentialit\u00e9 de Pigeon Brands Chez Pigeon Brands, accessibles depuis pigeonbrands.com, l\u2019une de nos principales priorit\u00e9s est la protection &hellip;","og_url":"https:\/\/www.pigeonbrands.com\/fr\/politique-de-confidentialite\/","og_site_name":"Pigeon","article_publisher":"https:\/\/www.facebook.com\/pigeonbrands\/","article_modified_time":"2025-07-15T20:46:39+00:00","twitter_card":"summary_large_image","twitter_site":"@pigeonbrand","twitter_misc":{"Dur\u00e9e de lecture estim\u00e9e":"6 minutes"},"schema":{"@context":"https:\/\/schema.org","@graph":[{"@type":"WebPage","@id":"https:\/\/www.pigeonbrands.com\/fr\/politique-de-confidentialite\/","url":"https:\/\/www.pigeonbrands.com\/fr\/politique-de-confidentialite\/","name":"Politique de confidentialit\u00e9 - Pigeon","isPartOf":{"@id":"https:\/\/www.pigeonbrands.com\/fr\/#website"},"datePublished":"2023-12-06T17:42:47+00:00","dateModified":"2025-07-15T20:46:39+00:00","breadcrumb":{"@id":"https:\/\/www.pigeonbrands.com\/fr\/politique-de-confidentialite\/#breadcrumb"},"inLanguage":"fr-FR","potentialAction":[{"@type":"ReadAction","target":["https:\/\/www.pigeonbrands.com\/fr\/politique-de-confidentialite\/"]}]},{"@type":"BreadcrumbList","@id":"https:\/\/www.pigeonbrands.com\/fr\/politique-de-confidentialite\/#breadcrumb","itemListElement":[{"@type":"ListItem","position":1,"name":"Home","item":"https:\/\/www.pigeonbrands.com\/fr\/"},{"@type":"ListItem","position":2,"name":"Politique de confidentialit\u00e9"}]},{"@type":"WebSite","@id":"https:\/\/www.pigeonbrands.com\/fr\/#website","url":"https:\/\/www.pigeonbrands.com\/fr\/","name":"Pigeon","description":"Making brands come true","publisher":{"@id":"https:\/\/www.pigeonbrands.com\/fr\/#organization"},"potentialAction":[{"@type":"SearchAction","target":{"@type":"EntryPoint","urlTemplate":"https:\/\/www.pigeonbrands.com\/fr\/?s={search_term_string}"},"query-input":{"@type":"PropertyValueSpecification","valueRequired":true,"valueName":"search_term_string"}}],"inLanguage":"fr-FR"},{"@type":"Organization","@id":"https:\/\/www.pigeonbrands.com\/fr\/#organization","name":"Pigeon Bands","url":"https:\/\/www.pigeonbrands.com\/fr\/","logo":{"@type":"ImageObject","inLanguage":"fr-FR","@id":"https:\/\/www.pigeonbrands.com\/fr\/#\/schema\/logo\/image\/","url":"https:\/\/www.pigeonbrands.com\/wp-content\/uploads\/2021\/05\/logo.svg","contentUrl":"https:\/\/www.pigeonbrands.com\/wp-content\/uploads\/2021\/05\/logo.svg","width":101,"height":19,"caption":"Pigeon Bands"},"image":{"@id":"https:\/\/www.pigeonbrands.com\/fr\/#\/schema\/logo\/image\/"},"sameAs":["https:\/\/www.facebook.com\/pigeonbrands\/","https:\/\/x.com\/pigeonbrand","https:\/\/www.instagram.com\/pigeonbrands\/","https:\/\/www.linkedin.com\/company\/pigeon-branding---design\/"]}]}},"_links":{"self":[{"href":"https:\/\/www.pigeonbrands.com\/fr\/wp-json\/wp\/v2\/pages\/6136","targetHints":{"allow":["GET"]}}],"collection":[{"href":"https:\/\/www.pigeonbrands.com\/fr\/wp-json\/wp\/v2\/pages"}],"about":[{"href":"https:\/\/www.pigeonbrands.com\/fr\/wp-json\/wp\/v2\/types\/page"}],"author":[{"embeddable":true,"href":"https:\/\/www.pigeonbrands.com\/fr\/wp-json\/wp\/v2\/users\/11"}],"replies":[{"embeddable":true,"href":"https:\/\/www.pigeonbrands.com\/fr\/wp-json\/wp\/v2\/comments?post=6136"}],"version-history":[{"count":0,"href":"https:\/\/www.pigeonbrands.com\/fr\/wp-json\/wp\/v2\/pages\/6136\/revisions"}],"wp:attachment":[{"href":"https:\/\/www.pigeonbrands.com\/fr\/wp-json\/wp\/v2\/media?parent=6136"}],"curies":[{"name":"wp","href":"https:\/\/api.w.org\/{rel}","templated":true}]}}